{"id":1625,"date":"2017-05-19T14:26:23","date_gmt":"2017-05-19T12:26:23","guid":{"rendered":"https:\/\/darkseagreen-dog-940501.hostingersite.com\/?page_id=1625"},"modified":"2025-08-12T11:09:03","modified_gmt":"2025-08-12T09:09:03","slug":"impressum","status":"publish","type":"page","link":"https:\/\/riasberlin.org\/de\/impressum\/","title":{"rendered":"Impressum"},"content":{"rendered":"<div data-elementor-type=\"wp-page\" data-elementor-id=\"1625\" class=\"elementor elementor-1625\" data-elementor-post-type=\"page\">\n\t\t\t\t<div data-particle_enable=\"false\" data-particle-mobile-disabled=\"false\" class=\"elementor-element elementor-element-7c436db e-flex e-con-boxed e-con e-parent\" data-id=\"7c436db\" data-element_type=\"container\" data-e-type=\"container\" data-settings=\"{&quot;jet_parallax_layout_list&quot;:[],&quot;background_background&quot;:&quot;classic&quot;}\">\n\t\t\t\t\t<div class=\"e-con-inner\">\n\t\t\t\t<div class=\"elementor-element elementor-element-79e3777 elementor-widget elementor-widget-heading\" data-id=\"79e3777\" data-element_type=\"widget\" data-e-type=\"widget\" data-widget_type=\"heading.default\">\n\t\t\t\t<div class=\"elementor-widget-container\">\n\t\t\t\t\t<h2 class=\"elementor-heading-title elementor-size-default\">Impressum<\/h2>\t\t\t\t<\/div>\n\t\t\t\t<\/div>\n\t\t\t\t\t<\/div>\n\t\t\t\t<\/div>\n\t\t<div data-particle_enable=\"false\" data-particle-mobile-disabled=\"false\" class=\"elementor-element elementor-element-ea80f64 e-flex e-con-boxed e-con e-parent\" data-id=\"ea80f64\" data-element_type=\"container\" data-e-type=\"container\" data-settings=\"{&quot;jet_parallax_layout_list&quot;:[]}\">\n\t\t\t\t\t<div class=\"e-con-inner\">\n\t\t\t\t<div class=\"elementor-element elementor-element-9170c17 elementor-widget elementor-widget-text-editor\" data-id=\"9170c17\" data-element_type=\"widget\" data-e-type=\"widget\" data-widget_type=\"text-editor.default\">\n\t\t\t\t<div class=\"elementor-widget-container\">\n\t\t\t\t\t\t\t\t\t<p data-start=\"1865\" data-end=\"2005\"><strong data-start=\"1865\" data-end=\"1885\">Name und Adresse<\/strong><br data-start=\"1885\" data-end=\"1888\" \/>RIAS Berlin Kommission<br data-start=\"1910\" data-end=\"1913\" \/>Funkhaus am Hans-Rosenthal-Platz <br \/>10825 Berlin<br data-start=\"883\" data-end=\"886\" \/>Deutschland<\/p><p data-start=\"2007\" data-end=\"2086\"><strong data-start=\"2007\" data-end=\"2036\">Vertretungsberechtigte Person<\/strong><br data-start=\"2036\" data-end=\"2039\" \/>Christoph Jumpelt<br \/>Verwaltungsdirektor<\/p><p data-start=\"2088\" data-end=\"2225\"><strong data-start=\"2088\" data-end=\"2099\">Kontakt<\/strong><br data-start=\"2099\" data-end=\"2102\" \/>Telefon: <a href=\"tel:00493085036981\">+49-(0)30-8503-6981<\/a><br data-start=\"2164\" data-end=\"2167\" \/>E-Mail: <a rel=\"noopener\" data-start=\"2174\" data-end=\"2193\">info@riasberlin.org<\/a><br data-start=\"2193\" data-end=\"2196\" \/>Webseite: <a target=\"_new\" rel=\"noopener\" data-start=\"2205\" data-end=\"2223\">www.riasberlin.org<\/a><\/p><p data-start=\"2227\" data-end=\"2382\"><strong data-start=\"685\" data-end=\"793\">Verantwortlicher f\u00fcr redaktionelle Inhalte<br data-start=\"727\" data-end=\"730\" \/>Gem\u00e4\u00df \u00a7 55 Abs. 2 Rundfunkstaatsvertrag (RStV):<br \/><\/strong>Christoph Jumpelt<br \/>Verwaltungsdirektor<\/p><p data-start=\"2227\" data-end=\"2382\">RIAS Berlin Kommission<br data-start=\"861\" data-end=\"864\" \/>Funkhaus am Hans-Rosenthal-Platz <br \/>10825 Berlin<br data-start=\"883\" data-end=\"886\" \/>Deutschland<\/p><p data-start=\"2384\" data-end=\"2531\"><strong data-start=\"2384\" data-end=\"2400\">Rechtlicher Status<\/strong><br data-start=\"2400\" data-end=\"2403\" \/>Die RIAS Berlin Kommission ist eine binationale, \u00f6ffentlich finanzierte Organisation zur F\u00f6rderung der transatlantischen Verst\u00e4ndigung im Journalismus.<\/p><p data-start=\"2533\" data-end=\"2642\"><span style=\"font-size: 1rem;\" data-start=\"2644\" data-end=\"2658\"><b>Haftungsausschluss<br \/><\/b><\/span><span style=\"font-size: 1rem;\">Trotz sorgf\u00e4ltiger inhaltlicher Kontrolle \u00fcbernehmen wir keine Haftung f\u00fcr die Inhalte externer Links. F\u00fcr den Inhalt der verlinkten Seiten sind ausschlie\u00dflich deren Betreiber verantwortlich.<\/span><\/p><p data-start=\"2827\" data-end=\"3028\"><strong data-start=\"2827\" data-end=\"2840\">Copyright<\/strong><br data-start=\"2840\" data-end=\"2843\" \/>Alle Inhalte dieser Website (Texte, Bilder, Grafiken) sind urheberrechtlich gesch\u00fctzt. Die Vervielf\u00e4ltigung, Bearbeitung oder Verbreitung bedarf der vorherigen schriftlichen Zustimmung der RIAS Berlin Kommission.<\/p><p data-start=\"3205\" data-end=\"3309\"><strong data-start=\"3205\" data-end=\"3216\">Datenschutz<\/strong><br data-start=\"3216\" data-end=\"3219\" \/>Informationen zum Datenschutz finden Sie in unserer <a href=\"https:\/\/riasberlin.org\/de\/datenschutzerklarung\/\">Datenschutzrichtlinie<\/a><\/p>\t\t\t\t\t\t\t\t<\/div>\n\t\t\t\t<\/div>\n\t\t\t\t\t<\/div>\n\t\t\t\t<\/div>\n\t\t\t\t<\/div>","protected":false},"excerpt":{"rendered":"<p>Name and AddressRIAS Berlin CommissionFunkhaus at Hans-Rosenthal-Platz 10825 BerlinGermany Authorized RepresentativeChristoph JumpeltExecutive Director ContactPhone: +49-(0)30-8503-6981Email: info@riasberlin.orgWebsite: www.riasberlin.org Person Responsible for Editorial ContentPursuant to \u00a7 55 (2) Interstate Broadcasting Treaty (RStV):Christoph JumpeltExecutive Director RIAS Berlin CommissionFunkhaus at Hans-Rosenthal-Platz 10825 BerlinGermany Legal StatusThe RIAS Berlin Commission is a bi-national, publicly funded organization promoting transatlantic understanding in journalism. [&hellip;]<\/p>\n","protected":false},"author":1,"featured_media":0,"parent":0,"menu_order":0,"comment_status":"closed","ping_status":"closed","template":"","meta":{"iawp_total_views":298,"footnotes":""},"class_list":["post-1625","page","type-page","status-publish","hentry"],"_links":{"self":[{"href":"https:\/\/riasberlin.org\/de\/wp-json\/wp\/v2\/pages\/1625","targetHints":{"allow":["GET"]}}],"collection":[{"href":"https:\/\/riasberlin.org\/de\/wp-json\/wp\/v2\/pages"}],"about":[{"href":"https:\/\/riasberlin.org\/de\/wp-json\/wp\/v2\/types\/page"}],"author":[{"embeddable":true,"href":"https:\/\/riasberlin.org\/de\/wp-json\/wp\/v2\/users\/1"}],"replies":[{"embeddable":true,"href":"https:\/\/riasberlin.org\/de\/wp-json\/wp\/v2\/comments?post=1625"}],"version-history":[{"count":23,"href":"https:\/\/riasberlin.org\/de\/wp-json\/wp\/v2\/pages\/1625\/revisions"}],"predecessor-version":[{"id":18382,"href":"https:\/\/riasberlin.org\/de\/wp-json\/wp\/v2\/pages\/1625\/revisions\/18382"}],"wp:attachment":[{"href":"https:\/\/riasberlin.org\/de\/wp-json\/wp\/v2\/media?parent=1625"}],"curies":[{"name":"wp","href":"https:\/\/api.w.org\/{rel}","templated":true}]}}