{"id":18577,"date":"2025-08-22T12:05:10","date_gmt":"2025-08-22T10:05:10","guid":{"rendered":"https:\/\/riasberlin.org\/?page_id=18577"},"modified":"2025-08-22T12:05:12","modified_gmt":"2025-08-22T10:05:12","slug":"erklarung-zur-barrierefreiheit","status":"publish","type":"page","link":"https:\/\/riasberlin.org\/de\/accessibility-statment\/","title":{"rendered":"Erkl\u00e4rung zur Barrierefreiheit"},"content":{"rendered":"<h3 class=\"wp-block-heading\">Unser Engagement<\/h3>\n\n\n\n<p>Wir setzen uns daf\u00fcr ein, dass unsere Website f\u00fcr alle Benutzer zug\u00e4nglich ist, unabh\u00e4ngig von ihren F\u00e4higkeiten. Barrierefreiheit und Inklusivit\u00e4t sind f\u00fcr unsere Mission von grundlegender Bedeutung.<\/p>\n\n\n\n<h3 class=\"wp-block-heading\">Zug\u00e4nglichkeitsstandards<\/h3>\n\n\n\n<p>Diese Site ist bestrebt, die Web Content Accessibility Guidelines (WCAG) 2.1, Level AA, zu erf\u00fcllen und entspricht internationalen Standards, einschlie\u00dflich ADA, Abschnitt 508 und EAA EN 301 549.<\/p>\n\n\n\n<h3 class=\"wp-block-heading\">Tools und Verbesserungen<\/h3>\n\n\n\n<p>Wir verwenden die <strong>All-in-One-Zug\u00e4nglichkeit<\/strong> Widget \u2013 eine schlanke, KI-gest\u00fctzte L\u00f6sung, die die Implementierung wichtiger Barrierefreiheitsfunktionen schnell und effektiv macht. Es verbessert die Benutzerfreundlichkeit durch barrierefreie Designanpassungen (z. B. Schriftart, Farbe, Abstand), Screenreader-Unterst\u00fctzung und Tastaturnavigation. Mit diesem Plugin k\u00f6nnen Benutzer ihr Erlebnis \u00fcber eine benutzerfreundliche Oberfl\u00e4che individuell anpassen.<\/p>\n\n\n\n<h3 class=\"wp-block-heading\">Laufende Bem\u00fchungen<\/h3>\n\n\n\n<p>Barrierefreiheit hat f\u00fcr uns stets Priorit\u00e4t. Wir f\u00fchren regelm\u00e4\u00dfige Audits, kontinuierliche Tests und iterative Verbesserungen durch, um unsere Website \u00fcber die M\u00f6glichkeiten des Plugins hinaus zu erweitern.<\/p>\n\n\n\n<h3 class=\"wp-block-heading\">Einschr\u00e4nkungen<\/h3>\n\n\n\n<p>Einige Inhalte von Drittanbietern (z. B. eingebettete Karten, PDFs, Iframes) erf\u00fcllen die Zug\u00e4nglichkeitsstandards aufgrund externer Kontrolle oder technischer Einschr\u00e4nkungen m\u00f6glicherweise nicht vollst\u00e4ndig.<\/p>\n\n\n\n<h3 class=\"wp-block-heading\">Feedback &amp; Kontakt<\/h3>\n\n\n\n<p>Sollten Sie auf Barrieren sto\u00dfen oder Vorschl\u00e4ge zur Verbesserung der Barrierefreiheit haben, kontaktieren Sie uns bitte:<\/p>\n\n\n\n<ul class=\"wp-block-list\">\n<li>Per E-Mail: <a href=\"mailto:info@riasberlin.org\">info@riasberlin.org<\/a><\/li>\n\n\n\n<li>Per Telefon: <a href=\"tel:+493085036981\">+49-30-8503-6981<\/a><\/li>\n<\/ul>\n\n\n\n<p>Wir sch\u00e4tzen Ihr Feedback und bem\u00fchen uns, unsere Site f\u00fcr alle zug\u00e4nglich zu machen.<\/p>","protected":false},"excerpt":{"rendered":"<p>Our Commitment We are dedicated to ensuring our website is accessible to all users, regardless of ability. Accessibility and inclusivity are fundamental to our mission. Accessibility Standards This site strives to meet the Web Content Accessibility Guidelines (WCAG) 2.1, Level\u202fAA, and conforms with international standards including the ADA, Section\u202f508, and EAA EN\u202f301\u202f549. Tools &amp; Enhancements [&hellip;]<\/p>\n","protected":false},"author":1,"featured_media":0,"parent":0,"menu_order":0,"comment_status":"closed","ping_status":"closed","template":"","meta":{"iawp_total_views":15,"footnotes":""},"class_list":["post-18577","page","type-page","status-publish","hentry"],"_links":{"self":[{"href":"https:\/\/riasberlin.org\/de\/wp-json\/wp\/v2\/pages\/18577","targetHints":{"allow":["GET"]}}],"collection":[{"href":"https:\/\/riasberlin.org\/de\/wp-json\/wp\/v2\/pages"}],"about":[{"href":"https:\/\/riasberlin.org\/de\/wp-json\/wp\/v2\/types\/page"}],"author":[{"embeddable":true,"href":"https:\/\/riasberlin.org\/de\/wp-json\/wp\/v2\/users\/1"}],"replies":[{"embeddable":true,"href":"https:\/\/riasberlin.org\/de\/wp-json\/wp\/v2\/comments?post=18577"}],"version-history":[{"count":1,"href":"https:\/\/riasberlin.org\/de\/wp-json\/wp\/v2\/pages\/18577\/revisions"}],"predecessor-version":[{"id":18578,"href":"https:\/\/riasberlin.org\/de\/wp-json\/wp\/v2\/pages\/18577\/revisions\/18578"}],"wp:attachment":[{"href":"https:\/\/riasberlin.org\/de\/wp-json\/wp\/v2\/media?parent=18577"}],"curies":[{"name":"wp","href":"https:\/\/api.w.org\/{rel}","templated":true}]}}